{"id":1313,"date":"2023-01-23T12:49:30","date_gmt":"2023-01-23T12:49:30","guid":{"rendered":"https:\/\/manufacturascruce.com\/?page_id=1313"},"modified":"2024-05-30T11:20:43","modified_gmt":"2024-05-30T11:20:43","slug":"soldadura-ensamblaje-pintura","status":"publish","type":"page","link":"https:\/\/manufacturascruce.com\/en\/servicios\/soldadura-ensamblaje-pintura\/","title":{"rendered":"Welding \/ Assembly \/ Painting"},"content":{"rendered":"<div class=\"wpb-content-wrapper\"><div class=\"vc_row wpb_row vc_row-fluid vc_custom_1474268037787\"><div class=\"wpb_column vc_column_container vc_col-sm-12 vc_col-lg-12 vc_col-md-12 vc_col-xs-12\"><div class=\"vc_column-inner\"><div class=\"wpb_wrapper\"><style type=\"text\/css\" data-type=\"the7_shortcodes-inline-css\">.shortcode-single-image-wrap.shortcode-single-image-6010f4345fc401c1966eeddebbee8e39.enable-bg-rollover .rollover i,\n.shortcode-single-image-wrap.shortcode-single-image-6010f4345fc401c1966eeddebbee8e39.enable-bg-rollover .rollover-video i {\n  background: -webkit-linear-gradient();\n  background: linear-gradient();\n}\n.shortcode-single-image-wrap.shortcode-single-image-6010f4345fc401c1966eeddebbee8e39 .rollover-icon {\n  font-size: 32px;\n  color: #ffffff;\n  min-width: 44px;\n  min-height: 44px;\n  line-height: 44px;\n  border-radius: 100px;\n  border-style: solid;\n  border-width: 0px;\n}\n.dt-icon-bg-on.shortcode-single-image-wrap.shortcode-single-image-6010f4345fc401c1966eeddebbee8e39 .rollover-icon {\n  background: rgba(255,255,255,0.3);\n  box-shadow: none;\n}\n<\/style><div class=\"shortcode-single-image-wrap shortcode-single-image-6010f4345fc401c1966eeddebbee8e39 alignnone  vc_custom_1676030847791 enable-bg-rollover dt-icon-bg-off\" ><div class=\"shortcode-single-image\"><div class=\"fancy-media-wrap  layzr-bg\" style=\"\"><img fetchpriority=\"high\" decoding=\"async\" class=\"preload-me lazy-load aspect\" src=\"data:image\/svg+xml,%3Csvg%20xmlns%3D&#39;http%3A%2F%2Fwww.w3.org%2F2000%2Fsvg&#39;%20viewBox%3D&#39;0%200%20800%20400&#39;%2F%3E\" data-src=\"https:\/\/manufacturascruce.com\/wp-content\/uploads\/2023\/02\/soldaduraensamblaje-pintura-800x400.jpg\" data-srcset=\"https:\/\/manufacturascruce.com\/wp-content\/uploads\/2023\/02\/soldaduraensamblaje-pintura-800x400.jpg 800w\" loading=\"eager\" sizes=\"(max-width: 800px) 100vw, 800px\" width=\"800\" height=\"400\"  data-dt-location=\"https:\/\/manufacturascruce.com\/en\/servicios\/soldadura-ensamblaje-pintura\/soldaduraensamblaje-pintura\/\" style=\"--ratio: 800 \/ 400;\" alt=\"soldadura-esamblaje-manufacturas\" \/><\/div><\/div><\/div><div id=\"ultimate-heading-968369d3c48377161\" class=\"uvc-heading ult-adjust-bottom-margin ultimate-heading-968369d3c48377161 uvc-2579 accent-border-color\" data-hspacer=\"line_only\"  data-halign=\"left\" style=\"text-align:left\"><div class=\"uvc-main-heading ult-responsive\"  data-ultimate-target='.uvc-heading.ultimate-heading-968369d3c48377161 h2'  data-responsive-json-new='{\"font-size\":\"desktop:26px;\",\"line-height\":\"desktop:36px;\"}' ><h2 style=\"font-weight:bold;\">Additional Operations and Capabilities<\/h2><\/div><div class=\"uvc-heading-spacer line_only\" style=\"margin-top:15px;margin-bottom:30px;height:4px;\"><span class=\"uvc-headings-line\" style=\"border-style:solid;border-bottom-width:4px;border-color:;width:100px;\"><\/span><\/div><\/div>\n\t<div class=\"wpb_text_column wpb_content_element\" >\n\t\t<div class=\"wpb_wrapper\">\n\t\t\t<p>Streamline your production process with our comprehensive suite of manufacturing services. We offer paint, assembly (from complete units to intricate subassemblies), riveting, nut insertion, and expert adhesive application \u2013 all under one roof. This ensures seamless integration and exceptional quality control.<\/p>\n<p>We have robotic cells and five resistance welding presses.<\/p>\n\n\t\t<\/div>\n\t<\/div>\n<div class=\"standard-arrow list-divider bullet-top\"><ul>\n<li>Press of Stich Weld-Aro<\/li>\n<li>Press of Stich Weld-Serra<\/li>\n<li>Robot Welding Cell-Serra<\/li>\n<li>Mechanical Shear-Collado<\/li>\n<li>Hydraulic Press Brake-Ajial<\/li>\n<\/ul>\n<\/div><div id=\"ultimate-heading-768769d3c48377354\" class=\"uvc-heading ult-adjust-bottom-margin ultimate-heading-768769d3c48377354 uvc-9086 accent-border-color\" data-hspacer=\"line_only\"  data-halign=\"left\" style=\"text-align:left\"><div class=\"uvc-main-heading ult-responsive\"  data-ultimate-target='.uvc-heading.ultimate-heading-768769d3c48377354 h2'  data-responsive-json-new='{\"font-size\":\"desktop:26px;\",\"line-height\":\"desktop:36px;\"}' ><h2 style=\"font-weight:bold;margin-top:30px;\">Other Processes of Interest<\/h2><\/div><div class=\"uvc-heading-spacer line_only\" style=\"margin-top:15px;margin-bottom:30px;height:4px;\"><span class=\"uvc-headings-line\" style=\"border-style:solid;border-bottom-width:4px;border-color:;width:100px;\"><\/span><\/div><\/div><\/div><\/div><\/div><\/div><div class=\"vc_row wpb_row vc_row-fluid\"><div class=\"wpb_column vc_column_container vc_col-sm-6\"><div class=\"vc_column-inner\"><div class=\"wpb_wrapper\"><style type=\"text\/css\" data-type=\"the7_shortcodes-inline-css\">.shortcode-single-image-wrap.shortcode-single-image-86057f6314ce9ea7b8ca016a6d422236.enable-bg-rollover .rollover i,\n.shortcode-single-image-wrap.shortcode-single-image-86057f6314ce9ea7b8ca016a6d422236.enable-bg-rollover .rollover-video i {\n  background: -webkit-linear-gradient();\n  background: linear-gradient();\n}\n.shortcode-single-image-wrap.shortcode-single-image-86057f6314ce9ea7b8ca016a6d422236 .rollover-icon {\n  font-size: 32px;\n  color: #ffffff;\n  min-width: 44px;\n  min-height: 44px;\n  line-height: 44px;\n  border-radius: 100px;\n  border-style: solid;\n  border-width: 0px;\n}\n.dt-icon-bg-on.shortcode-single-image-wrap.shortcode-single-image-86057f6314ce9ea7b8ca016a6d422236 .rollover-icon {\n  background: rgba(255,255,255,0.3);\n  box-shadow: none;\n}\n<\/style><div class=\"shortcode-single-image-wrap shortcode-single-image-86057f6314ce9ea7b8ca016a6d422236 alignnone  vc_custom_1683902313197 enable-bg-rollover dt-icon-bg-off\" ><div class=\"shortcode-single-image\"><div class=\"fancy-media-wrap\" style=\"border-radius:500px;\"><a href=\"\/en\/servicios\/estampacion-de-metales\/\" class=\"layzr-bg rollover\" style=\"border-radius:500px;\" aria-label=\"Image\"><img decoding=\"async\" class=\"preload-me lazy-load aspect\" src=\"data:image\/svg+xml,%3Csvg%20xmlns%3D&#39;http%3A%2F%2Fwww.w3.org%2F2000%2Fsvg&#39;%20viewBox%3D&#39;0%200%20120%20120&#39;%2F%3E\" data-src=\"https:\/\/manufacturascruce.com\/wp-content\/uploads\/2023\/02\/20230126_110909-120x120.jpg\" data-srcset=\"https:\/\/manufacturascruce.com\/wp-content\/uploads\/2023\/02\/20230126_110909-120x120.jpg 120w, https:\/\/manufacturascruce.com\/wp-content\/uploads\/2023\/02\/20230126_110909-240x240.jpg 240w\" loading=\"eager\" style=\"--ratio: 120 \/ 120\" sizes=\"(max-width: 120px) 100vw, 120px\" width=\"120\" height=\"120\"  data-dt-location=\"https:\/\/manufacturascruce.com\/en\/servicios\/estampacion-de-metales\/20230126_110909\/\" alt=\"maquinaria-estampacion-de-metales\" \/><\/a><\/div><\/div><\/div><div id=\"ultimate-heading-11769d3c483783fb\" class=\"uvc-heading ult-adjust-bottom-margin ultimate-heading-11769d3c483783fb uvc-7261\" data-hspacer=\"no_spacer\"  data-halign=\"center\" style=\"text-align:center\"><div class=\"uvc-heading-spacer no_spacer\" style=\"top\"><\/div><div class=\"uvc-main-heading ult-responsive\"  data-ultimate-target='.uvc-heading.ultimate-heading-11769d3c483783fb h3'  data-responsive-json-new='{\"font-size\":\"desktop:18px;\",\"line-height\":\"desktop:28px;\"}' ><h3 style=\"--font-weight:theme;margin-bottom:10px;\">Metal stamping and production<\/h3><\/div><div class=\"uvc-sub-heading ult-responsive\"  data-ultimate-target='.uvc-heading.ultimate-heading-11769d3c483783fb .uvc-sub-heading '  data-responsive-json-new='{\"font-size\":\"desktop:14px;\",\"line-height\":\"desktop:26px;\"}'  style=\"font-weight:normal;margin-bottom:20px;\">Our team of experts excels in metal stamping, delivering high-quality solutions in metal parts manufacturing. We operate with strip widths of up to 1500mm and thicknesses ranging from 0.5mm to 7mm. With over 50 years of experience, we assure products with superior performance and durability.<\/div><\/div><style type=\"text\/css\" data-type=\"the7_shortcodes-inline-css\">#default-btn-5e1ecee1cea3a0b905f54234699dfac6.ico-right-side > i {\n  margin-right: 0px;\n  margin-left: 8px;\n}\n#default-btn-5e1ecee1cea3a0b905f54234699dfac6 > i {\n  margin-right: 8px;\n}\n<\/style><div class=\"btn-align-center\"><a href=\"\/en\/servicios\/estampacion-de-metales\/\" class=\"default-btn-shortcode dt-btn dt-btn-s link-hover-off\" id=\"default-btn-5e1ecee1cea3a0b905f54234699dfac6\"><span>Learn More<\/span><\/a><\/div><\/div><\/div><\/div><div class=\"wpb_column vc_column_container vc_col-sm-6\"><div class=\"vc_column-inner\"><div class=\"wpb_wrapper\"><style type=\"text\/css\" data-type=\"the7_shortcodes-inline-css\">.shortcode-single-image-wrap.shortcode-single-image-07b808499099a47256b912fbdd72e369.enable-bg-rollover .rollover i,\n.shortcode-single-image-wrap.shortcode-single-image-07b808499099a47256b912fbdd72e369.enable-bg-rollover .rollover-video i {\n  background: -webkit-linear-gradient();\n  background: linear-gradient();\n}\n.shortcode-single-image-wrap.shortcode-single-image-07b808499099a47256b912fbdd72e369 .rollover-icon {\n  font-size: 32px;\n  color: #ffffff;\n  min-width: 44px;\n  min-height: 44px;\n  line-height: 44px;\n  border-radius: 100px;\n  border-style: solid;\n  border-width: 0px;\n}\n.dt-icon-bg-on.shortcode-single-image-wrap.shortcode-single-image-07b808499099a47256b912fbdd72e369 .rollover-icon {\n  background: rgba(255,255,255,0.3);\n  box-shadow: none;\n}\n<\/style><div class=\"shortcode-single-image-wrap shortcode-single-image-07b808499099a47256b912fbdd72e369 alignnone  vc_custom_1697713982591 enable-bg-rollover dt-icon-bg-off\" ><div class=\"shortcode-single-image\"><div class=\"fancy-media-wrap\" style=\"border-radius:500px;\"><a href=\"https:\/\/manufacturascruce.com\/en\/servicios\/area-de-matriceria\/\" class=\"layzr-bg rollover\" style=\"border-radius:500px;\" aria-label=\"Image\"><img decoding=\"async\" class=\"preload-me lazy-load aspect\" src=\"data:image\/svg+xml,%3Csvg%20xmlns%3D&#39;http%3A%2F%2Fwww.w3.org%2F2000%2Fsvg&#39;%20viewBox%3D&#39;0%200%20120%20120&#39;%2F%3E\" data-src=\"https:\/\/manufacturascruce.com\/wp-content\/uploads\/2023\/02\/JS-186_Manufacturas-Cruce-3-scaled-120x120.jpg\" data-srcset=\"https:\/\/manufacturascruce.com\/wp-content\/uploads\/2023\/02\/JS-186_Manufacturas-Cruce-3-scaled-120x120.jpg 120w, https:\/\/manufacturascruce.com\/wp-content\/uploads\/2023\/02\/JS-186_Manufacturas-Cruce-3-scaled-240x240.jpg 240w\" loading=\"eager\" style=\"--ratio: 120 \/ 120\" sizes=\"(max-width: 120px) 100vw, 120px\" width=\"120\" height=\"120\"  data-dt-location=\"https:\/\/manufacturascruce.com\/en\/servicios\/area-de-matriceria\/js-186_manufacturas-cruce-3\/\" alt=\"Area-matriceria-manufacturas-cruce\" \/><\/a><\/div><\/div><\/div><div id=\"ultimate-heading-103069d3c48378dc5\" class=\"uvc-heading ult-adjust-bottom-margin ultimate-heading-103069d3c48378dc5 uvc-7705\" data-hspacer=\"no_spacer\"  data-halign=\"center\" style=\"text-align:center\"><div class=\"uvc-heading-spacer no_spacer\" style=\"top\"><\/div><div class=\"uvc-main-heading ult-responsive\"  data-ultimate-target='.uvc-heading.ultimate-heading-103069d3c48378dc5 h2'  data-responsive-json-new='{\"font-size\":\"desktop:18px;\",\"line-height\":\"desktop:28px;\"}' ><h2 style=\"--font-weight:theme;margin-bottom:10px;\">Tooling Area<\/h2><\/div><div class=\"uvc-sub-heading ult-responsive\"  data-ultimate-target='.uvc-heading.ultimate-heading-103069d3c48378dc5 .uvc-sub-heading '  data-responsive-json-new='{\"font-size\":\"desktop:14px;\",\"line-height\":\"desktop:26px;\"}'  style=\"font-weight:normal;margin-bottom:20px;\">We turn your vision into reality. We specialize in custom tooling solutions that perfectly adapt to your specific needs, and our state-of-the-art machinery ensures every project is executed with the utmost precision and detail.<\/div><\/div><style type=\"text\/css\" data-type=\"the7_shortcodes-inline-css\">#default-btn-8183de64067546c21532ce42af35ba98.ico-right-side > i {\n  margin-right: 0px;\n  margin-left: 8px;\n}\n#default-btn-8183de64067546c21532ce42af35ba98 > i {\n  margin-right: 8px;\n}\n<\/style><div class=\"btn-align-center\"><a href=\"https:\/\/manufacturascruce.com\/en\/servicios\/area-de-matriceria\/\" class=\"default-btn-shortcode dt-btn dt-btn-s link-hover-off\" id=\"default-btn-8183de64067546c21532ce42af35ba98\"><span>Learn More<\/span><\/a><\/div><\/div><\/div><\/div><\/div>\n<\/div>","protected":false},"excerpt":{"rendered":"<p>Operaciones adicionales Realizamos todo tipo de montaje de conjuntos y subconjuntos, operaciones de remachado, inserci\u00f3n de tuercas y tornillos, aplicaci\u00f3n de adhesivos y pintura. Disponemos de c\u00e9lulas rob\u00f3ticas y cinco prensas de soldadura por resistencia. Press of Stich Weld-Aro Press of Stich Weld-Serra Robot Welding Cell-Serra Mechanical Shear-Collado Hydraulic Press Brake-Ajial Otros procesos que te&hellip;<\/p>","protected":false},"author":1,"featured_media":0,"parent":27,"menu_order":0,"comment_status":"closed","ping_status":"closed","template":"","meta":{"inline_featured_image":false,"footnotes":""},"yoast_head":"<!-- This site is optimized with the Yoast SEO plugin v22.2 - https:\/\/yoast.com\/wordpress\/plugins\/seo\/ -->\n<title>Soldadura \/ Ensamblaje \/ Pintura - Manufacturas Cruce<\/title>\n<meta name=\"robots\" content=\"index, follow, max-snippet:-1, max-image-preview:large, max-video-preview:-1\" \/>\n<link rel=\"canonical\" href=\"https:\/\/manufacturascruce.com\/en\/servicios\/soldadura-ensamblaje-pintura\/\" \/>\n<meta property=\"og:locale\" content=\"en_GB\" \/>\n<meta property=\"og:type\" content=\"article\" \/>\n<meta property=\"og:title\" content=\"Soldadura \/ Ensamblaje \/ Pintura - Manufacturas Cruce\" \/>\n<meta property=\"og:url\" content=\"https:\/\/manufacturascruce.com\/en\/servicios\/soldadura-ensamblaje-pintura\/\" \/>\n<meta property=\"og:site_name\" content=\"Manufacturas Cruce\" \/>\n<meta property=\"article:modified_time\" content=\"2024-05-30T11:20:43+00:00\" \/>\n<meta name=\"twitter:card\" content=\"summary_large_image\" \/>\n<meta name=\"twitter:label1\" content=\"Estimated reading time\" \/>\n\t<meta name=\"twitter:data1\" content=\"2 minutes\" \/>\n<script type=\"application\/ld+json\" class=\"yoast-schema-graph\">{\"@context\":\"https:\/\/schema.org\",\"@graph\":[{\"@type\":\"WebPage\",\"@id\":\"https:\/\/manufacturascruce.com\/servicios\/soldadura-ensamblaje-pintura\/\",\"url\":\"https:\/\/manufacturascruce.com\/servicios\/soldadura-ensamblaje-pintura\/\",\"name\":\"Soldadura \/ Ensamblaje \/ Pintura - Manufacturas Cruce\",\"isPartOf\":{\"@id\":\"https:\/\/manufacturascruce.com\/#website\"},\"datePublished\":\"2023-01-23T12:49:30+00:00\",\"dateModified\":\"2024-05-30T11:20:43+00:00\",\"breadcrumb\":{\"@id\":\"https:\/\/manufacturascruce.com\/servicios\/soldadura-ensamblaje-pintura\/#breadcrumb\"},\"inLanguage\":\"en-GB\",\"potentialAction\":[{\"@type\":\"ReadAction\",\"target\":[\"https:\/\/manufacturascruce.com\/servicios\/soldadura-ensamblaje-pintura\/\"]}]},{\"@type\":\"BreadcrumbList\",\"@id\":\"https:\/\/manufacturascruce.com\/servicios\/soldadura-ensamblaje-pintura\/#breadcrumb\",\"itemListElement\":[{\"@type\":\"ListItem\",\"position\":1,\"name\":\"Portada\",\"item\":\"https:\/\/manufacturascruce.com\/\"},{\"@type\":\"ListItem\",\"position\":2,\"name\":\"Nuestros procesos\",\"item\":\"https:\/\/manufacturascruce.com\/servicios\/\"},{\"@type\":\"ListItem\",\"position\":3,\"name\":\"Soldadura \/ Ensamblaje \/ Pintura\"}]},{\"@type\":\"WebSite\",\"@id\":\"https:\/\/manufacturascruce.com\/#website\",\"url\":\"https:\/\/manufacturascruce.com\/\",\"name\":\"Manufacturas Cruce\",\"description\":\"Procesos, fabricaci\u00f3n de utillajes y piezas para Industria\",\"publisher\":{\"@id\":\"https:\/\/manufacturascruce.com\/#organization\"},\"potentialAction\":[{\"@type\":\"SearchAction\",\"target\":{\"@type\":\"EntryPoint\",\"urlTemplate\":\"https:\/\/manufacturascruce.com\/?s={search_term_string}\"},\"query-input\":\"required name=search_term_string\"}],\"inLanguage\":\"en-GB\"},{\"@type\":\"Organization\",\"@id\":\"https:\/\/manufacturascruce.com\/#organization\",\"name\":\"Manufacturas Cruce\",\"url\":\"https:\/\/manufacturascruce.com\/\",\"logo\":{\"@type\":\"ImageObject\",\"inLanguage\":\"en-GB\",\"@id\":\"https:\/\/manufacturascruce.com\/#\/schema\/logo\/image\/\",\"url\":\"https:\/\/manufacturascruce.com\/wp-content\/uploads\/2023\/01\/logo-tranparente.png\",\"contentUrl\":\"https:\/\/manufacturascruce.com\/wp-content\/uploads\/2023\/01\/logo-tranparente.png\",\"width\":477,\"height\":127,\"caption\":\"Manufacturas Cruce\"},\"image\":{\"@id\":\"https:\/\/manufacturascruce.com\/#\/schema\/logo\/image\/\"},\"sameAs\":[\"https:\/\/www.linkedin.com\/company\/87427753\/admin\/notifications\/all\/\"]}]}<\/script>\n<!-- \/ Yoast SEO plugin. -->","yoast_head_json":{"title":"Soldadura \/ Ensamblaje \/ Pintura - Manufacturas Cruce","robots":{"index":"index","follow":"follow","max-snippet":"max-snippet:-1","max-image-preview":"max-image-preview:large","max-video-preview":"max-video-preview:-1"},"canonical":"https:\/\/manufacturascruce.com\/en\/servicios\/soldadura-ensamblaje-pintura\/","og_locale":"en_GB","og_type":"article","og_title":"Soldadura \/ Ensamblaje \/ Pintura - Manufacturas Cruce","og_url":"https:\/\/manufacturascruce.com\/en\/servicios\/soldadura-ensamblaje-pintura\/","og_site_name":"Manufacturas Cruce","article_modified_time":"2024-05-30T11:20:43+00:00","twitter_card":"summary_large_image","twitter_misc":{"Estimated reading time":"2 minutes"},"schema":{"@context":"https:\/\/schema.org","@graph":[{"@type":"WebPage","@id":"https:\/\/manufacturascruce.com\/servicios\/soldadura-ensamblaje-pintura\/","url":"https:\/\/manufacturascruce.com\/servicios\/soldadura-ensamblaje-pintura\/","name":"Soldadura \/ Ensamblaje \/ Pintura - Manufacturas Cruce","isPartOf":{"@id":"https:\/\/manufacturascruce.com\/#website"},"datePublished":"2023-01-23T12:49:30+00:00","dateModified":"2024-05-30T11:20:43+00:00","breadcrumb":{"@id":"https:\/\/manufacturascruce.com\/servicios\/soldadura-ensamblaje-pintura\/#breadcrumb"},"inLanguage":"en-GB","potentialAction":[{"@type":"ReadAction","target":["https:\/\/manufacturascruce.com\/servicios\/soldadura-ensamblaje-pintura\/"]}]},{"@type":"BreadcrumbList","@id":"https:\/\/manufacturascruce.com\/servicios\/soldadura-ensamblaje-pintura\/#breadcrumb","itemListElement":[{"@type":"ListItem","position":1,"name":"Portada","item":"https:\/\/manufacturascruce.com\/"},{"@type":"ListItem","position":2,"name":"Nuestros procesos","item":"https:\/\/manufacturascruce.com\/servicios\/"},{"@type":"ListItem","position":3,"name":"Soldadura \/ Ensamblaje \/ Pintura"}]},{"@type":"WebSite","@id":"https:\/\/manufacturascruce.com\/#website","url":"https:\/\/manufacturascruce.com\/","name":"Manufacturas Cruce","description":"Procesos, fabricaci\u00f3n de utillajes y piezas para Industria","publisher":{"@id":"https:\/\/manufacturascruce.com\/#organization"},"potentialAction":[{"@type":"SearchAction","target":{"@type":"EntryPoint","urlTemplate":"https:\/\/manufacturascruce.com\/?s={search_term_string}"},"query-input":"required name=search_term_string"}],"inLanguage":"en-GB"},{"@type":"Organization","@id":"https:\/\/manufacturascruce.com\/#organization","name":"Manufacturas Cruce","url":"https:\/\/manufacturascruce.com\/","logo":{"@type":"ImageObject","inLanguage":"en-GB","@id":"https:\/\/manufacturascruce.com\/#\/schema\/logo\/image\/","url":"https:\/\/manufacturascruce.com\/wp-content\/uploads\/2023\/01\/logo-tranparente.png","contentUrl":"https:\/\/manufacturascruce.com\/wp-content\/uploads\/2023\/01\/logo-tranparente.png","width":477,"height":127,"caption":"Manufacturas Cruce"},"image":{"@id":"https:\/\/manufacturascruce.com\/#\/schema\/logo\/image\/"},"sameAs":["https:\/\/www.linkedin.com\/company\/87427753\/admin\/notifications\/all\/"]}]}},"_links":{"self":[{"href":"https:\/\/manufacturascruce.com\/en\/wp-json\/wp\/v2\/pages\/1313"}],"collection":[{"href":"https:\/\/manufacturascruce.com\/en\/wp-json\/wp\/v2\/pages"}],"about":[{"href":"https:\/\/manufacturascruce.com\/en\/wp-json\/wp\/v2\/types\/page"}],"author":[{"embeddable":true,"href":"https:\/\/manufacturascruce.com\/en\/wp-json\/wp\/v2\/users\/1"}],"replies":[{"embeddable":true,"href":"https:\/\/manufacturascruce.com\/en\/wp-json\/wp\/v2\/comments?post=1313"}],"version-history":[{"count":3,"href":"https:\/\/manufacturascruce.com\/en\/wp-json\/wp\/v2\/pages\/1313\/revisions"}],"predecessor-version":[{"id":2056,"href":"https:\/\/manufacturascruce.com\/en\/wp-json\/wp\/v2\/pages\/1313\/revisions\/2056"}],"up":[{"embeddable":true,"href":"https:\/\/manufacturascruce.com\/en\/wp-json\/wp\/v2\/pages\/27"}],"wp:attachment":[{"href":"https:\/\/manufacturascruce.com\/en\/wp-json\/wp\/v2\/media?parent=1313"}],"curies":[{"name":"wp","href":"https:\/\/api.w.org\/{rel}","templated":true}]}}