{"id":1362,"date":"2023-01-26T08:41:11","date_gmt":"2023-01-26T08:41:11","guid":{"rendered":"https:\/\/manufacturascruce.com\/?page_id=1362"},"modified":"2023-03-17T09:50:40","modified_gmt":"2023-03-17T09:50:40","slug":"politica-de-privacidad","status":"publish","type":"page","link":"https:\/\/manufacturascruce.com\/en\/politica-de-privacidad\/","title":{"rendered":"Privacy Policy"},"content":{"rendered":"<p><strong>MANUFACTURAS CRUCE S.A.<\/strong>&nbsp;As the owner of the portal, we hereby inform you, in compliance with Regulation (EU) 2016\/679 of the European Parliament and of the Council of 27 April on the protection of individuals with regard to the processing of personal data and on the free movement of such data (General Data Protection Regulation), Organic Law 3\/2018, of 5 December, on the Protection of Personal Data and guarantee of digital rights, and Law 34\/2002, of 11 July, on information society services and electronic commerce (LSSI-CE), regarding the processing of your personal data as follows.<\/p>\n\n\n\n<div style=\"height:50px\" aria-hidden=\"true\" class=\"wp-block-spacer\"><\/div>\n\n\n\n<h3 class=\"wp-block-heading\">Controller and Contact Information<\/h3>\n\n\n\n<p><strong>\u201cMANUFACTURAS CRUCE S.A.,\u201d&nbsp;CIF <\/strong>A28829935<\/p>\n\n\n\n<p><strong>Contact at TRANSAHER:<\/strong>&nbsp;Calle Ronda, 17, 28320 Pinto, Madrid<\/p>\n\n\n\n<div style=\"height:50px\" aria-hidden=\"true\" class=\"wp-block-spacer\"><\/div>\n\n\n\n<h3 class=\"wp-block-heading\">2. - Procedure for Exercising Your Rights<\/h3>\n\n\n\n<p>Users may address a communication to any of the addresses indicated above, including a photocopy of their ID card or other similar identification document, to exercise their rights to access their personal data, request its rectification if incorrect, its deletion or the limitation of its processing, object to the processing, or request its portability.<\/p>\n\n\n\n<p>If consent has been granted for a specific purpose, the user has the right to withdraw consent at any time, without affecting the lawfulness of the processing carried out before the withdrawal.<\/p>\n\n\n\n<p>You can obtain additional information or exercise these rights directly with the Spanish Data Protection Agency (<a href=\"https:\/\/linkprotect.cudasvc.com\/url?a=https%3a%2f%2fwww.aepd.es&amp;c=E,1,qfDgyutXi1Dz730MWZWkiy6zChNPGJfEIDcw74ojOrxaMW6Ktj-P-QHd4e4hEnU4dM5WI_m0arrI1-md4pejiDfPWVRRTUhCbZIjLYX3OkOo9O_2aro,&amp;typo=1\">www.aepd.es<\/a>).<\/p>\n\n\n\n<div style=\"height:50px\" aria-hidden=\"true\" class=\"wp-block-spacer\"><\/div>\n\n\n\n<h3 class=\"wp-block-heading\">3. Purposes and Legal Basis of Processing, and Data Retention Periods<\/h3>\n\n\n\n<p>The data of clients and collaborators are used to manage our company and will be retained for the duration of our contract and for the fulfillment of the purposes for which they were collected, until consent granted is revoked, and once the contract is terminated, for a period of 5 years, and for an additional period of up to 6 or 10 years to comply with our legal obligations (Article 30 of the Commercial Code and Article 25 of the Prevention of Money Laundering and Terrorism Financing Law).<\/p>\n\n\n\n<p>The data of subscribers, advertising users, and job or information seekers are used to send them our own or third-party advertising and manage their requests, and will be kept from the moment the interested party gives their consent until they withdraw it. The legitimacy for the processing of user data by<strong>&nbsp;MANUFACTURAS CRUCE S.A.<\/strong>is based on legitimate interest, contract execution, and\/or the consent of the data subject.<\/p>\n\n\n\n<div style=\"height:50px\" aria-hidden=\"true\" class=\"wp-block-spacer\"><\/div>\n\n\n\n<h3 class=\"wp-block-heading\">4. Security and Storage<\/h3>\n\n\n\n<p>The website of&nbsp;<strong>MANUFACTURAS CRUCE S.A.<\/strong>has all the necessary measures in place to ensure the security and confidentiality of all the information it receives and generates, even when it may be hosted on servers located outside the European Economic Area.<\/p>\n\n\n\n<p><strong>&nbsp;MANUFACTURAS CRUCE S.A.<\/strong>uses email and social media services that may involve international transfers of data.<\/p>\n\n\n\n<div style=\"height:50px\" aria-hidden=\"true\" class=\"wp-block-spacer\"><\/div>\n\n\n\n<h3 class=\"wp-block-heading\">5. Social Media<\/h3>\n\n\n\n<p><strong>MANUFACTURAS CRUCE S.A. <\/strong>maintains profiles on the main social media networks, and is responsible for the processing permitted by the social network for corporate profiles.<\/p>\n\n\n\n<p><\/p>","protected":false},"excerpt":{"rendered":"<p>MANUFACTURAS CRUCE S.A.&nbsp;como titular del portal , le informa en cumplimiento de lo dispuesto en Reglamento (UE) 2016\/679 del Parlamento Europeo y del Consejo de 27 de abril de Protecci\u00f3n de datos la Ley Org\u00e1nica 3\/2018, de 5 de diciembre, de Protecci\u00f3n de Datos de Car\u00e1cter Personal y Garant\u00edas de Derechos Digitales, y de la&hellip;<\/p>","protected":false},"author":1,"featured_media":0,"parent":0,"menu_order":0,"comment_status":"closed","ping_status":"closed","template":"","meta":{"inline_featured_image":false,"footnotes":""},"yoast_head":"<!-- This site is optimized with the Yoast SEO plugin v22.2 - https:\/\/yoast.com\/wordpress\/plugins\/seo\/ -->\n<title>Pol\u00edtica de Privacidad - Manufacturas Cruce<\/title>\n<meta name=\"robots\" content=\"noindex, nofollow\" \/>\n<meta property=\"og:locale\" content=\"en_GB\" \/>\n<meta property=\"og:type\" content=\"article\" \/>\n<meta property=\"og:title\" content=\"Pol\u00edtica de Privacidad - Manufacturas Cruce\" \/>\n<meta property=\"og:description\" content=\"MANUFACTURAS CRUCE S.A.&nbsp;como titular del portal , le informa en cumplimiento de lo dispuesto en Reglamento (UE) 2016\/679 del Parlamento Europeo y del Consejo de 27 de abril de Protecci\u00f3n de datos la Ley Org\u00e1nica 3\/2018, de 5 de diciembre, de Protecci\u00f3n de Datos de Car\u00e1cter Personal y Garant\u00edas de Derechos Digitales, y de la&hellip;\" \/>\n<meta property=\"og:url\" content=\"https:\/\/manufacturascruce.com\/en\/politica-de-privacidad\/\" \/>\n<meta property=\"og:site_name\" content=\"Manufacturas Cruce\" \/>\n<meta property=\"article:modified_time\" content=\"2023-03-17T09:50:40+00:00\" \/>\n<meta name=\"twitter:card\" content=\"summary_large_image\" \/>\n<meta name=\"twitter:label1\" content=\"Estimated reading time\" \/>\n\t<meta name=\"twitter:data1\" content=\"3 minutes\" \/>\n<script type=\"application\/ld+json\" class=\"yoast-schema-graph\">{\"@context\":\"https:\/\/schema.org\",\"@graph\":[{\"@type\":\"WebPage\",\"@id\":\"https:\/\/manufacturascruce.com\/politica-de-privacidad\/\",\"url\":\"https:\/\/manufacturascruce.com\/politica-de-privacidad\/\",\"name\":\"Pol\u00edtica de Privacidad - Manufacturas Cruce\",\"isPartOf\":{\"@id\":\"https:\/\/manufacturascruce.com\/#website\"},\"datePublished\":\"2023-01-26T08:41:11+00:00\",\"dateModified\":\"2023-03-17T09:50:40+00:00\",\"breadcrumb\":{\"@id\":\"https:\/\/manufacturascruce.com\/politica-de-privacidad\/#breadcrumb\"},\"inLanguage\":\"en-GB\",\"potentialAction\":[{\"@type\":\"ReadAction\",\"target\":[\"https:\/\/manufacturascruce.com\/politica-de-privacidad\/\"]}]},{\"@type\":\"BreadcrumbList\",\"@id\":\"https:\/\/manufacturascruce.com\/politica-de-privacidad\/#breadcrumb\",\"itemListElement\":[{\"@type\":\"ListItem\",\"position\":1,\"name\":\"Portada\",\"item\":\"https:\/\/manufacturascruce.com\/\"},{\"@type\":\"ListItem\",\"position\":2,\"name\":\"Pol\u00edtica de Privacidad\"}]},{\"@type\":\"WebSite\",\"@id\":\"https:\/\/manufacturascruce.com\/#website\",\"url\":\"https:\/\/manufacturascruce.com\/\",\"name\":\"Manufacturas Cruce\",\"description\":\"Procesos, fabricaci\u00f3n de utillajes y piezas para Industria\",\"publisher\":{\"@id\":\"https:\/\/manufacturascruce.com\/#organization\"},\"potentialAction\":[{\"@type\":\"SearchAction\",\"target\":{\"@type\":\"EntryPoint\",\"urlTemplate\":\"https:\/\/manufacturascruce.com\/?s={search_term_string}\"},\"query-input\":\"required name=search_term_string\"}],\"inLanguage\":\"en-GB\"},{\"@type\":\"Organization\",\"@id\":\"https:\/\/manufacturascruce.com\/#organization\",\"name\":\"Manufacturas Cruce\",\"url\":\"https:\/\/manufacturascruce.com\/\",\"logo\":{\"@type\":\"ImageObject\",\"inLanguage\":\"en-GB\",\"@id\":\"https:\/\/manufacturascruce.com\/#\/schema\/logo\/image\/\",\"url\":\"https:\/\/manufacturascruce.com\/wp-content\/uploads\/2023\/01\/logo-tranparente.png\",\"contentUrl\":\"https:\/\/manufacturascruce.com\/wp-content\/uploads\/2023\/01\/logo-tranparente.png\",\"width\":477,\"height\":127,\"caption\":\"Manufacturas Cruce\"},\"image\":{\"@id\":\"https:\/\/manufacturascruce.com\/#\/schema\/logo\/image\/\"},\"sameAs\":[\"https:\/\/www.linkedin.com\/company\/87427753\/admin\/notifications\/all\/\"]}]}<\/script>\n<!-- \/ Yoast SEO plugin. -->","yoast_head_json":{"title":"Pol\u00edtica de Privacidad - Manufacturas Cruce","robots":{"index":"noindex","follow":"nofollow"},"og_locale":"en_GB","og_type":"article","og_title":"Pol\u00edtica de Privacidad - Manufacturas Cruce","og_description":"MANUFACTURAS CRUCE S.A.&nbsp;como titular del portal , le informa en cumplimiento de lo dispuesto en Reglamento (UE) 2016\/679 del Parlamento Europeo y del Consejo de 27 de abril de Protecci\u00f3n de datos la Ley Org\u00e1nica 3\/2018, de 5 de diciembre, de Protecci\u00f3n de Datos de Car\u00e1cter Personal y Garant\u00edas de Derechos Digitales, y de la&hellip;","og_url":"https:\/\/manufacturascruce.com\/en\/politica-de-privacidad\/","og_site_name":"Manufacturas Cruce","article_modified_time":"2023-03-17T09:50:40+00:00","twitter_card":"summary_large_image","twitter_misc":{"Estimated reading time":"3 minutes"},"schema":{"@context":"https:\/\/schema.org","@graph":[{"@type":"WebPage","@id":"https:\/\/manufacturascruce.com\/politica-de-privacidad\/","url":"https:\/\/manufacturascruce.com\/politica-de-privacidad\/","name":"Pol\u00edtica de Privacidad - Manufacturas Cruce","isPartOf":{"@id":"https:\/\/manufacturascruce.com\/#website"},"datePublished":"2023-01-26T08:41:11+00:00","dateModified":"2023-03-17T09:50:40+00:00","breadcrumb":{"@id":"https:\/\/manufacturascruce.com\/politica-de-privacidad\/#breadcrumb"},"inLanguage":"en-GB","potentialAction":[{"@type":"ReadAction","target":["https:\/\/manufacturascruce.com\/politica-de-privacidad\/"]}]},{"@type":"BreadcrumbList","@id":"https:\/\/manufacturascruce.com\/politica-de-privacidad\/#breadcrumb","itemListElement":[{"@type":"ListItem","position":1,"name":"Portada","item":"https:\/\/manufacturascruce.com\/"},{"@type":"ListItem","position":2,"name":"Pol\u00edtica de Privacidad"}]},{"@type":"WebSite","@id":"https:\/\/manufacturascruce.com\/#website","url":"https:\/\/manufacturascruce.com\/","name":"Manufacturas Cruce","description":"Procesos, fabricaci\u00f3n de utillajes y piezas para Industria","publisher":{"@id":"https:\/\/manufacturascruce.com\/#organization"},"potentialAction":[{"@type":"SearchAction","target":{"@type":"EntryPoint","urlTemplate":"https:\/\/manufacturascruce.com\/?s={search_term_string}"},"query-input":"required name=search_term_string"}],"inLanguage":"en-GB"},{"@type":"Organization","@id":"https:\/\/manufacturascruce.com\/#organization","name":"Manufacturas Cruce","url":"https:\/\/manufacturascruce.com\/","logo":{"@type":"ImageObject","inLanguage":"en-GB","@id":"https:\/\/manufacturascruce.com\/#\/schema\/logo\/image\/","url":"https:\/\/manufacturascruce.com\/wp-content\/uploads\/2023\/01\/logo-tranparente.png","contentUrl":"https:\/\/manufacturascruce.com\/wp-content\/uploads\/2023\/01\/logo-tranparente.png","width":477,"height":127,"caption":"Manufacturas Cruce"},"image":{"@id":"https:\/\/manufacturascruce.com\/#\/schema\/logo\/image\/"},"sameAs":["https:\/\/www.linkedin.com\/company\/87427753\/admin\/notifications\/all\/"]}]}},"_links":{"self":[{"href":"https:\/\/manufacturascruce.com\/en\/wp-json\/wp\/v2\/pages\/1362"}],"collection":[{"href":"https:\/\/manufacturascruce.com\/en\/wp-json\/wp\/v2\/pages"}],"about":[{"href":"https:\/\/manufacturascruce.com\/en\/wp-json\/wp\/v2\/types\/page"}],"author":[{"embeddable":true,"href":"https:\/\/manufacturascruce.com\/en\/wp-json\/wp\/v2\/users\/1"}],"replies":[{"embeddable":true,"href":"https:\/\/manufacturascruce.com\/en\/wp-json\/wp\/v2\/comments?post=1362"}],"version-history":[{"count":0,"href":"https:\/\/manufacturascruce.com\/en\/wp-json\/wp\/v2\/pages\/1362\/revisions"}],"wp:attachment":[{"href":"https:\/\/manufacturascruce.com\/en\/wp-json\/wp\/v2\/media?parent=1362"}],"curies":[{"name":"wp","href":"https:\/\/api.w.org\/{rel}","templated":true}]}}