{"id":1456,"date":"2023-02-09T12:56:39","date_gmt":"2023-02-09T12:56:39","guid":{"rendered":"https:\/\/manufacturascruce.com\/?page_id=1456"},"modified":"2023-04-14T11:48:07","modified_gmt":"2023-04-14T11:48:07","slug":"productos","status":"publish","type":"page","link":"https:\/\/manufacturascruce.com\/en\/productos\/","title":{"rendered":"PRODUCTS"},"content":{"rendered":"<div class=\"wpb-content-wrapper\"><div class=\"vc_row wpb_row vc_row-fluid\"><div class=\"wpb_column vc_column_container vc_col-sm-3\"><div class=\"vc_column-inner\"><div class=\"wpb_wrapper\"><style type=\"text\/css\" data-type=\"the7_shortcodes-inline-css\">.gallery-shortcode.gallery-masonry-shortcode-id-ee544cc9409e34f6065cc0981eac098c figure,\n.gallery-shortcode.gallery-masonry-shortcode-id-ee544cc9409e34f6065cc0981eac098c .rollover,\n.gallery-shortcode.gallery-masonry-shortcode-id-ee544cc9409e34f6065cc0981eac098c img,\n.gallery-shortcode.gallery-masonry-shortcode-id-ee544cc9409e34f6065cc0981eac098c .gallery-rollover {\n  border-radius: 0px;\n}\n.gallery-shortcode.gallery-masonry-shortcode-id-ee544cc9409e34f6065cc0981eac098c.enable-bg-rollover .gallery-rollover {\n  background: -webkit-linear-gradient();\n  background: linear-gradient();\n}\n.gallery-shortcode.gallery-masonry-shortcode-id-ee544cc9409e34f6065cc0981eac098c.enable-bg-rollover.hover-scale figure .rollover:after {\n  background: -webkit-linear-gradient();\n  background: linear-gradient();\n}\n.gallery-shortcode.gallery-masonry-shortcode-id-ee544cc9409e34f6065cc0981eac098c .gallery-zoom-ico {\n  width: 44px;\n  height: 44px;\n  line-height: 44px;\n  border-radius: 100px;\n  margin: -22px 0 0 -22px;\n  border-width: 0px;\n  color: #ffffff;\n}\n.dt-icon-bg-on.gallery-shortcode.gallery-masonry-shortcode-id-ee544cc9409e34f6065cc0981eac098c .gallery-zoom-ico {\n  background: rgba(255,255,255,0.3);\n  box-shadow: none;\n}\n.gallery-shortcode.gallery-masonry-shortcode-id-ee544cc9409e34f6065cc0981eac098c .gallery-zoom-ico:before,\n.gallery-shortcode.gallery-masonry-shortcode-id-ee544cc9409e34f6065cc0981eac098c .gallery-zoom-ico span {\n  font-size: 32px;\n  line-height: 44px;\n  color: #ffffff;\n}\n.gallery-shortcode.gallery-masonry-shortcode-id-ee544cc9409e34f6065cc0981eac098c:not(.resize-by-browser-width) .dt-css-grid {\n  grid-row-gap: 10px;\n  grid-column-gap: 10px;\n  grid-template-columns: repeat(auto-fill,minmax(,1fr));\n}\n.gallery-shortcode.gallery-masonry-shortcode-id-ee544cc9409e34f6065cc0981eac098c:not(.resize-by-browser-width) .dt-css-grid .double-width {\n  grid-column: span 2;\n}\n.cssgridlegacy.no-cssgrid .gallery-shortcode.gallery-masonry-shortcode-id-ee544cc9409e34f6065cc0981eac098c:not(.resize-by-browser-width) .dt-css-grid,\n.no-cssgridlegacy.no-cssgrid .gallery-shortcode.gallery-masonry-shortcode-id-ee544cc9409e34f6065cc0981eac098c:not(.resize-by-browser-width) .dt-css-grid {\n  display: flex;\n  flex-flow: row wrap;\n  margin: -5px;\n}\n.cssgridlegacy.no-cssgrid .gallery-shortcode.gallery-masonry-shortcode-id-ee544cc9409e34f6065cc0981eac098c:not(.resize-by-browser-width) .dt-css-grid .wf-cell,\n.no-cssgridlegacy.no-cssgrid .gallery-shortcode.gallery-masonry-shortcode-id-ee544cc9409e34f6065cc0981eac098c:not(.resize-by-browser-width) .dt-css-grid .wf-cell {\n  flex: 1 0 ;\n  max-width: 100%;\n  padding: 5px;\n  box-sizing: border-box;\n}\n.gallery-shortcode.gallery-masonry-shortcode-id-ee544cc9409e34f6065cc0981eac098c.resize-by-browser-width .dt-css-grid {\n  grid-template-columns: repeat(2,1fr);\n  grid-template-rows: auto;\n  grid-column-gap: 10px;\n  grid-row-gap: 10px;\n}\n.gallery-shortcode.gallery-masonry-shortcode-id-ee544cc9409e34f6065cc0981eac098c.resize-by-browser-width .dt-css-grid .double-width {\n  grid-column: span 2;\n}\n.cssgridlegacy.no-cssgrid .gallery-shortcode.gallery-masonry-shortcode-id-ee544cc9409e34f6065cc0981eac098c.resize-by-browser-width .dt-css-grid {\n  margin: -5px;\n}\n.cssgridlegacy.no-cssgrid .gallery-shortcode.gallery-masonry-shortcode-id-ee544cc9409e34f6065cc0981eac098c.resize-by-browser-width .dt-css-grid .wf-cell {\n  width: 50%;\n  padding: 5px;\n}\n.cssgridlegacy.no-cssgrid .gallery-shortcode.gallery-masonry-shortcode-id-ee544cc9409e34f6065cc0981eac098c.resize-by-browser-width .dt-css-grid .wf-cell.double-width {\n  width: calc(50%) * 2;\n}\n.gallery-shortcode.gallery-masonry-shortcode-id-ee544cc9409e34f6065cc0981eac098c.resize-by-browser-width:not(.centered-layout-list):not(.content-bg-on) .dt-css-grid {\n  grid-row-gap: 10px - ;\n}\n@media screen and (max-width: 1199px) {\n  .gallery-shortcode.gallery-masonry-shortcode-id-ee544cc9409e34f6065cc0981eac098c.resize-by-browser-width .dt-css-grid {\n    grid-template-columns: repeat(2,1fr);\n  }\n  .cssgridlegacy.no-cssgrid .gallery-shortcode.gallery-masonry-shortcode-id-ee544cc9409e34f6065cc0981eac098c.resize-by-browser-width .dt-css-grid .wf-cell,\n  .no-cssgridlegacy.no-cssgrid .gallery-shortcode.gallery-masonry-shortcode-id-ee544cc9409e34f6065cc0981eac098c.resize-by-browser-width .dt-css-grid .wf-cell {\n    width: 50%;\n  }\n  .cssgridlegacy.no-cssgrid .gallery-shortcode.gallery-masonry-shortcode-id-ee544cc9409e34f6065cc0981eac098c.resize-by-browser-width .dt-css-grid .wf-cell.double-width,\n  .no-cssgridlegacy.no-cssgrid .gallery-shortcode.gallery-masonry-shortcode-id-ee544cc9409e34f6065cc0981eac098c.resize-by-browser-width .dt-css-grid .wf-cell.double-width {\n    width: calc(50%)*2;\n  }\n}\n@media screen and (max-width: 991px) {\n  .gallery-shortcode.gallery-masonry-shortcode-id-ee544cc9409e34f6065cc0981eac098c.resize-by-browser-width .dt-css-grid {\n    grid-template-columns: repeat(2,1fr);\n  }\n  .cssgridlegacy.no-cssgrid .gallery-shortcode.gallery-masonry-shortcode-id-ee544cc9409e34f6065cc0981eac098c.resize-by-browser-width .dt-css-grid .wf-cell,\n  .no-cssgridlegacy.no-cssgrid .gallery-shortcode.gallery-masonry-shortcode-id-ee544cc9409e34f6065cc0981eac098c.resize-by-browser-width .dt-css-grid .wf-cell {\n    width: 50%;\n  }\n  .cssgridlegacy.no-cssgrid .gallery-shortcode.gallery-masonry-shortcode-id-ee544cc9409e34f6065cc0981eac098c.resize-by-browser-width .dt-css-grid .wf-cell.double-width,\n  .no-cssgridlegacy.no-cssgrid .gallery-shortcode.gallery-masonry-shortcode-id-ee544cc9409e34f6065cc0981eac098c.resize-by-browser-width .dt-css-grid .wf-cell.double-width {\n    width: calc(50%)*2;\n  }\n}\n@media screen and (max-width: 767px) {\n  .gallery-shortcode.gallery-masonry-shortcode-id-ee544cc9409e34f6065cc0981eac098c.resize-by-browser-width .dt-css-grid {\n    grid-template-columns: repeat(2,1fr);\n  }\n  .cssgridlegacy.no-cssgrid .gallery-shortcode.gallery-masonry-shortcode-id-ee544cc9409e34f6065cc0981eac098c.resize-by-browser-width .dt-css-grid .wf-cell,\n  .no-cssgridlegacy.no-cssgrid .gallery-shortcode.gallery-masonry-shortcode-id-ee544cc9409e34f6065cc0981eac098c.resize-by-browser-width .dt-css-grid .wf-cell {\n    width: 50%;\n  }\n  .cssgridlegacy.no-cssgrid .gallery-shortcode.gallery-masonry-shortcode-id-ee544cc9409e34f6065cc0981eac098c.resize-by-browser-width .dt-css-grid .wf-cell.double-width,\n  .no-cssgridlegacy.no-cssgrid .gallery-shortcode.gallery-masonry-shortcode-id-ee544cc9409e34f6065cc0981eac098c.resize-by-browser-width .dt-css-grid .wf-cell.double-width {\n    width: calc(50%)*2;\n  }\n}\n<\/style><div class=\"gallery-shortcode dt-gallery-container gallery-masonry-shortcode-id-ee544cc9409e34f6065cc0981eac098c mode-masonry jquery-filter dt-icon-bg-off quick-scale-img enable-bg-rollover resize-by-browser-width  hover-fade loading-effect-fade-in description-on-hover\" data-padding=\"5px\" data-cur-page=\"1\" data-post-limit=\"-1\" data-pagination-mode=\"none\" data-desktop-columns-num=\"2\" data-v-tablet-columns-num=\"2\" data-h-tablet-columns-num=\"2\" data-phone-columns-num=\"2\" data-width=\"0px\" data-columns=\"0\"><div class=\"iso-container\" ><div class=\"wf-cell iso-item\" data-post-id=\"1463\" data-date=\"2023-02-09T13:12:24+00:00\" data-name=\"JS 186_Manufacturas Cruce-67\"><figure class=\"post visible\"><a href=\"https:\/\/manufacturascruce.com\/wp-content\/uploads\/2023\/02\/JS-186_Manufacturas-Cruce-67.jpg\" class=\"rollover dt-pswp-item layzr-bg\" data-large_image_width=\"800\" data-large_image_height=\"534\" data-dt-img-description=\"\" title=\"JS 186_Manufacturas Cruce-67\"><img fetchpriority=\"high\" decoding=\"async\" class=\"preload-me iso-lazy-load aspect\" src=\"data:image\/svg+xml,%3Csvg%20xmlns%3D&#39;http%3A%2F%2Fwww.w3.org%2F2000%2Fsvg&#39;%20viewBox%3D&#39;0%200%20490%20327&#39;%2F%3E\" data-src=\"https:\/\/manufacturascruce.com\/wp-content\/uploads\/2023\/02\/JS-186_Manufacturas-Cruce-67-490x327.jpg\" data-srcset=\"https:\/\/manufacturascruce.com\/wp-content\/uploads\/2023\/02\/JS-186_Manufacturas-Cruce-67-490x327.jpg 490w, https:\/\/manufacturascruce.com\/wp-content\/uploads\/2023\/02\/JS-186_Manufacturas-Cruce-67-735x491.jpg 735w\" loading=\"eager\" style=\"--ratio: 490 \/ 327\" sizes=\"(max-width: 490px) 100vw, 490px\" alt=\"\" width=\"490\" height=\"327\"  \/><span class=\"gallery-rollover\"><span class=\"gallery-zoom-ico icomoon-the7-font-the7-zoom-06\"><span><\/span><\/span><\/span><\/a><\/figure><\/div><div class=\"wf-cell iso-item\" data-post-id=\"1464\" data-date=\"2023-02-09T13:12:25+00:00\" data-name=\"JS 186_Manufacturas Cruce-71\"><figure class=\"post visible\"><a href=\"https:\/\/manufacturascruce.com\/wp-content\/uploads\/2023\/02\/JS-186_Manufacturas-Cruce-71.jpg\" class=\"rollover dt-pswp-item layzr-bg\" data-large_image_width=\"800\" data-large_image_height=\"534\" data-dt-img-description=\"\" title=\"JS 186_Manufacturas Cruce-71\"><img decoding=\"async\" class=\"preload-me iso-lazy-load aspect\" src=\"data:image\/svg+xml,%3Csvg%20xmlns%3D&#39;http%3A%2F%2Fwww.w3.org%2F2000%2Fsvg&#39;%20viewBox%3D&#39;0%200%20490%20327&#39;%2F%3E\" data-src=\"https:\/\/manufacturascruce.com\/wp-content\/uploads\/2023\/02\/JS-186_Manufacturas-Cruce-71-490x327.jpg\" data-srcset=\"https:\/\/manufacturascruce.com\/wp-content\/uploads\/2023\/02\/JS-186_Manufacturas-Cruce-71-490x327.jpg 490w, https:\/\/manufacturascruce.com\/wp-content\/uploads\/2023\/02\/JS-186_Manufacturas-Cruce-71-735x491.jpg 735w\" loading=\"eager\" style=\"--ratio: 490 \/ 327\" sizes=\"(max-width: 490px) 100vw, 490px\" alt=\"\" width=\"490\" height=\"327\"  \/><span class=\"gallery-rollover\"><span class=\"gallery-zoom-ico icomoon-the7-font-the7-zoom-06\"><span><\/span><\/span><\/span><\/a><\/figure><\/div><div class=\"wf-cell iso-item\" data-post-id=\"1465\" data-date=\"2023-02-09T13:12:26+00:00\" data-name=\"JS 186_Manufacturas Cruce-73\"><figure class=\"post visible\"><a href=\"https:\/\/manufacturascruce.com\/wp-content\/uploads\/2023\/02\/JS-186_Manufacturas-Cruce-73.jpg\" class=\"rollover dt-pswp-item layzr-bg\" data-large_image_width=\"800\" data-large_image_height=\"534\" data-dt-img-description=\"\" title=\"JS 186_Manufacturas Cruce-73\"><img decoding=\"async\" class=\"preload-me iso-lazy-load aspect\" src=\"data:image\/svg+xml,%3Csvg%20xmlns%3D&#39;http%3A%2F%2Fwww.w3.org%2F2000%2Fsvg&#39;%20viewBox%3D&#39;0%200%20490%20327&#39;%2F%3E\" data-src=\"https:\/\/manufacturascruce.com\/wp-content\/uploads\/2023\/02\/JS-186_Manufacturas-Cruce-73-490x327.jpg\" data-srcset=\"https:\/\/manufacturascruce.com\/wp-content\/uploads\/2023\/02\/JS-186_Manufacturas-Cruce-73-490x327.jpg 490w, https:\/\/manufacturascruce.com\/wp-content\/uploads\/2023\/02\/JS-186_Manufacturas-Cruce-73-735x491.jpg 735w\" loading=\"eager\" style=\"--ratio: 490 \/ 327\" sizes=\"(max-width: 490px) 100vw, 490px\" alt=\"\" width=\"490\" height=\"327\"  \/><span class=\"gallery-rollover\"><span class=\"gallery-zoom-ico icomoon-the7-font-the7-zoom-06\"><span><\/span><\/span><\/span><\/a><\/figure><\/div><div class=\"wf-cell iso-item\" data-post-id=\"1466\" data-date=\"2023-02-09T13:12:27+00:00\" data-name=\"JS 186_Manufacturas Cruce-75\"><figure class=\"post visible\"><a href=\"https:\/\/manufacturascruce.com\/wp-content\/uploads\/2023\/02\/JS-186_Manufacturas-Cruce-75.jpg\" class=\"rollover dt-pswp-item layzr-bg\" data-large_image_width=\"800\" data-large_image_height=\"534\" data-dt-img-description=\"\" title=\"JS 186_Manufacturas Cruce-75\"><img decoding=\"async\" class=\"preload-me iso-lazy-load aspect\" src=\"data:image\/svg+xml,%3Csvg%20xmlns%3D&#39;http%3A%2F%2Fwww.w3.org%2F2000%2Fsvg&#39;%20viewBox%3D&#39;0%200%20490%20327&#39;%2F%3E\" data-src=\"https:\/\/manufacturascruce.com\/wp-content\/uploads\/2023\/02\/JS-186_Manufacturas-Cruce-75-490x327.jpg\" data-srcset=\"https:\/\/manufacturascruce.com\/wp-content\/uploads\/2023\/02\/JS-186_Manufacturas-Cruce-75-490x327.jpg 490w, https:\/\/manufacturascruce.com\/wp-content\/uploads\/2023\/02\/JS-186_Manufacturas-Cruce-75-735x491.jpg 735w\" loading=\"eager\" style=\"--ratio: 490 \/ 327\" sizes=\"(max-width: 490px) 100vw, 490px\" alt=\"\" width=\"490\" height=\"327\"  \/><span class=\"gallery-rollover\"><span class=\"gallery-zoom-ico icomoon-the7-font-the7-zoom-06\"><span><\/span><\/span><\/span><\/a><\/figure><\/div><div class=\"wf-cell iso-item\" data-post-id=\"1467\" data-date=\"2023-02-09T13:12:29+00:00\" data-name=\"JS 186_Manufacturas Cruce-87\"><figure class=\"post visible\"><a href=\"https:\/\/manufacturascruce.com\/wp-content\/uploads\/2023\/02\/JS-186_Manufacturas-Cruce-87.jpg\" class=\"rollover dt-pswp-item layzr-bg\" data-large_image_width=\"800\" data-large_image_height=\"534\" data-dt-img-description=\"\" title=\"JS 186_Manufacturas Cruce-87\"><img decoding=\"async\" class=\"preload-me iso-lazy-load aspect\" src=\"data:image\/svg+xml,%3Csvg%20xmlns%3D&#39;http%3A%2F%2Fwww.w3.org%2F2000%2Fsvg&#39;%20viewBox%3D&#39;0%200%20490%20327&#39;%2F%3E\" data-src=\"https:\/\/manufacturascruce.com\/wp-content\/uploads\/2023\/02\/JS-186_Manufacturas-Cruce-87-490x327.jpg\" data-srcset=\"https:\/\/manufacturascruce.com\/wp-content\/uploads\/2023\/02\/JS-186_Manufacturas-Cruce-87-490x327.jpg 490w, https:\/\/manufacturascruce.com\/wp-content\/uploads\/2023\/02\/JS-186_Manufacturas-Cruce-87-735x491.jpg 735w\" loading=\"eager\" style=\"--ratio: 490 \/ 327\" sizes=\"(max-width: 490px) 100vw, 490px\" alt=\"\" width=\"490\" height=\"327\"  \/><span class=\"gallery-rollover\"><span class=\"gallery-zoom-ico icomoon-the7-font-the7-zoom-06\"><span><\/span><\/span><\/span><\/a><\/figure><\/div><div class=\"wf-cell iso-item\" data-post-id=\"1468\" data-date=\"2023-02-09T13:12:30+00:00\" data-name=\"JS 186_Manufacturas Cruce-92\"><figure class=\"post visible\"><a href=\"https:\/\/manufacturascruce.com\/wp-content\/uploads\/2023\/02\/JS-186_Manufacturas-Cruce-92.jpg\" class=\"rollover dt-pswp-item layzr-bg\" data-large_image_width=\"800\" data-large_image_height=\"188\" data-dt-img-description=\"\" title=\"JS 186_Manufacturas Cruce-92\"><img decoding=\"async\" class=\"preload-me iso-lazy-load aspect\" src=\"data:image\/svg+xml,%3Csvg%20xmlns%3D&#39;http%3A%2F%2Fwww.w3.org%2F2000%2Fsvg&#39;%20viewBox%3D&#39;0%200%20490%20115&#39;%2F%3E\" data-src=\"https:\/\/manufacturascruce.com\/wp-content\/uploads\/2023\/02\/JS-186_Manufacturas-Cruce-92-490x115.jpg\" data-srcset=\"https:\/\/manufacturascruce.com\/wp-content\/uploads\/2023\/02\/JS-186_Manufacturas-Cruce-92-490x115.jpg 490w, https:\/\/manufacturascruce.com\/wp-content\/uploads\/2023\/02\/JS-186_Manufacturas-Cruce-92-735x173.jpg 735w\" loading=\"eager\" style=\"--ratio: 490 \/ 115\" sizes=\"(max-width: 490px) 100vw, 490px\" alt=\"\" width=\"490\" height=\"115\"  \/><span class=\"gallery-rollover\"><span class=\"gallery-zoom-ico icomoon-the7-font-the7-zoom-06\"><span><\/span><\/span><\/span><\/a><\/figure><\/div><div class=\"wf-cell iso-item\" data-post-id=\"1469\" data-date=\"2023-02-09T13:12:31+00:00\" data-name=\"JS 186_Manufacturas Cruce-96\"><figure class=\"post visible\"><a href=\"https:\/\/manufacturascruce.com\/wp-content\/uploads\/2023\/02\/JS-186_Manufacturas-Cruce-96.jpg\" class=\"rollover dt-pswp-item layzr-bg\" data-large_image_width=\"800\" data-large_image_height=\"534\" data-dt-img-description=\"\" title=\"JS 186_Manufacturas Cruce-96\"><img decoding=\"async\" class=\"preload-me iso-lazy-load aspect\" src=\"data:image\/svg+xml,%3Csvg%20xmlns%3D&#39;http%3A%2F%2Fwww.w3.org%2F2000%2Fsvg&#39;%20viewBox%3D&#39;0%200%20490%20327&#39;%2F%3E\" data-src=\"https:\/\/manufacturascruce.com\/wp-content\/uploads\/2023\/02\/JS-186_Manufacturas-Cruce-96-490x327.jpg\" data-srcset=\"https:\/\/manufacturascruce.com\/wp-content\/uploads\/2023\/02\/JS-186_Manufacturas-Cruce-96-490x327.jpg 490w, https:\/\/manufacturascruce.com\/wp-content\/uploads\/2023\/02\/JS-186_Manufacturas-Cruce-96-735x491.jpg 735w\" loading=\"eager\" style=\"--ratio: 490 \/ 327\" sizes=\"(max-width: 490px) 100vw, 490px\" alt=\"manufacturas-productos\" width=\"490\" height=\"327\"  \/><span class=\"gallery-rollover\"><span class=\"gallery-zoom-ico icomoon-the7-font-the7-zoom-06\"><span><\/span><\/span><\/span><\/a><\/figure><\/div><div class=\"wf-cell iso-item\" data-post-id=\"1470\" data-date=\"2023-02-09T13:12:32+00:00\" data-name=\"JS 186_Manufacturas Cruce-104\"><figure class=\"post visible\"><a href=\"https:\/\/manufacturascruce.com\/wp-content\/uploads\/2023\/02\/JS-186_Manufacturas-Cruce-104.jpg\" class=\"rollover dt-pswp-item layzr-bg\" data-large_image_width=\"800\" data-large_image_height=\"534\" data-dt-img-description=\"\" title=\"JS 186_Manufacturas Cruce-104\"><img decoding=\"async\" class=\"preload-me iso-lazy-load aspect\" src=\"data:image\/svg+xml,%3Csvg%20xmlns%3D&#39;http%3A%2F%2Fwww.w3.org%2F2000%2Fsvg&#39;%20viewBox%3D&#39;0%200%20490%20327&#39;%2F%3E\" data-src=\"https:\/\/manufacturascruce.com\/wp-content\/uploads\/2023\/02\/JS-186_Manufacturas-Cruce-104-490x327.jpg\" data-srcset=\"https:\/\/manufacturascruce.com\/wp-content\/uploads\/2023\/02\/JS-186_Manufacturas-Cruce-104-490x327.jpg 490w, https:\/\/manufacturascruce.com\/wp-content\/uploads\/2023\/02\/JS-186_Manufacturas-Cruce-104-735x491.jpg 735w\" loading=\"eager\" style=\"--ratio: 490 \/ 327\" sizes=\"(max-width: 490px) 100vw, 490px\" alt=\"\" width=\"490\" height=\"327\"  \/><span class=\"gallery-rollover\"><span class=\"gallery-zoom-ico icomoon-the7-font-the7-zoom-06\"><span><\/span><\/span><\/span><\/a><\/figure><\/div><\/div><!-- iso-container|iso-grid --><\/div><\/div><\/div><\/div><div class=\"wpb_column vc_column_container vc_col-sm-9\"><div class=\"vc_column-inner\"><div class=\"wpb_wrapper\"><div id=\"ultimate-heading-699569d3f3f48ac6f\" class=\"uvc-heading ult-adjust-bottom-margin ultimate-heading-699569d3f3f48ac6f uvc-7224 accent-border-color uvc-heading-default-font-sizes\" data-hspacer=\"line_only\"  data-halign=\"left\" style=\"text-align:left\"><div class=\"uvc-main-heading ult-responsive\"  data-ultimate-target='.uvc-heading.ultimate-heading-699569d3f3f48ac6f h2'  data-responsive-json-new='{\"font-size\":\"\",\"line-height\":\"\"}' ><h2 style=\"--font-weight:theme;margin-bottom:15px;\">Our Products<\/h2><\/div><div class=\"uvc-heading-spacer line_only\" style=\"margin-bottom:30px;height:4px;\"><span class=\"uvc-headings-line\" style=\"border-style:solid;border-bottom-width:4px;border-color:;width:100px;\"><\/span><\/div><div class=\"uvc-sub-heading ult-responsive\"  data-ultimate-target='.uvc-heading.ultimate-heading-699569d3f3f48ac6f .uvc-sub-heading '  data-responsive-json-new='{\"font-size\":\"\",\"line-height\":\"\"}'  style=\"font-weight:normal;\"><\/p>\n<blockquote><p>We design any type of stamping piece, providing a wide variety of resources at the service of our clients.<\/p><\/blockquote>\n<p>Our hallmark is daily interdepartmental communication, coupled with our adaptability and swift response to our clients' needs.<\/div><\/div><\/div><\/div><\/div><\/div>\n<\/div>","protected":false},"excerpt":{"rendered":"<p>Nuestros Productos Dise\u00f1amos cualquier tipo de pieza de estampaci\u00f3n, aportando un amplia variedad de recursos al servicio de nuestros clientes Nuestro signo distintivo es la comunicaci\u00f3n interdepartamental diaria y nuestra capacidad de adaptaci\u00f3n y reacci\u00f3n ante las demandas de nuestros clientes.<\/p>","protected":false},"author":1,"featured_media":0,"parent":0,"menu_order":0,"comment_status":"closed","ping_status":"closed","template":"","meta":{"inline_featured_image":false,"footnotes":""},"yoast_head":"<!-- This site is optimized with the Yoast SEO plugin v22.2 - https:\/\/yoast.com\/wordpress\/plugins\/seo\/ -->\n<title>Productos - Manufacturas Cruce<\/title>\n<meta name=\"robots\" content=\"index, follow, max-snippet:-1, max-image-preview:large, max-video-preview:-1\" \/>\n<link rel=\"canonical\" href=\"https:\/\/manufacturascruce.com\/en\/productos\/\" \/>\n<meta property=\"og:locale\" content=\"en_GB\" \/>\n<meta property=\"og:type\" content=\"article\" \/>\n<meta property=\"og:title\" content=\"Productos - Manufacturas Cruce\" \/>\n<meta property=\"og:url\" content=\"https:\/\/manufacturascruce.com\/en\/productos\/\" \/>\n<meta property=\"og:site_name\" content=\"Manufacturas Cruce\" \/>\n<meta property=\"article:modified_time\" content=\"2023-04-14T11:48:07+00:00\" \/>\n<meta name=\"twitter:card\" content=\"summary_large_image\" \/>\n<meta name=\"twitter:label1\" content=\"Estimated reading time\" \/>\n\t<meta name=\"twitter:data1\" content=\"1 minute\" \/>\n<script type=\"application\/ld+json\" class=\"yoast-schema-graph\">{\"@context\":\"https:\/\/schema.org\",\"@graph\":[{\"@type\":\"WebPage\",\"@id\":\"https:\/\/manufacturascruce.com\/productos\/\",\"url\":\"https:\/\/manufacturascruce.com\/productos\/\",\"name\":\"Productos - Manufacturas Cruce\",\"isPartOf\":{\"@id\":\"https:\/\/manufacturascruce.com\/#website\"},\"datePublished\":\"2023-02-09T12:56:39+00:00\",\"dateModified\":\"2023-04-14T11:48:07+00:00\",\"breadcrumb\":{\"@id\":\"https:\/\/manufacturascruce.com\/productos\/#breadcrumb\"},\"inLanguage\":\"en-GB\",\"potentialAction\":[{\"@type\":\"ReadAction\",\"target\":[\"https:\/\/manufacturascruce.com\/productos\/\"]}]},{\"@type\":\"BreadcrumbList\",\"@id\":\"https:\/\/manufacturascruce.com\/productos\/#breadcrumb\",\"itemListElement\":[{\"@type\":\"ListItem\",\"position\":1,\"name\":\"Portada\",\"item\":\"https:\/\/manufacturascruce.com\/\"},{\"@type\":\"ListItem\",\"position\":2,\"name\":\"Productos\"}]},{\"@type\":\"WebSite\",\"@id\":\"https:\/\/manufacturascruce.com\/#website\",\"url\":\"https:\/\/manufacturascruce.com\/\",\"name\":\"Manufacturas Cruce\",\"description\":\"Procesos, fabricaci\u00f3n de utillajes y piezas para Industria\",\"publisher\":{\"@id\":\"https:\/\/manufacturascruce.com\/#organization\"},\"potentialAction\":[{\"@type\":\"SearchAction\",\"target\":{\"@type\":\"EntryPoint\",\"urlTemplate\":\"https:\/\/manufacturascruce.com\/?s={search_term_string}\"},\"query-input\":\"required name=search_term_string\"}],\"inLanguage\":\"en-GB\"},{\"@type\":\"Organization\",\"@id\":\"https:\/\/manufacturascruce.com\/#organization\",\"name\":\"Manufacturas Cruce\",\"url\":\"https:\/\/manufacturascruce.com\/\",\"logo\":{\"@type\":\"ImageObject\",\"inLanguage\":\"en-GB\",\"@id\":\"https:\/\/manufacturascruce.com\/#\/schema\/logo\/image\/\",\"url\":\"https:\/\/manufacturascruce.com\/wp-content\/uploads\/2023\/01\/logo-tranparente.png\",\"contentUrl\":\"https:\/\/manufacturascruce.com\/wp-content\/uploads\/2023\/01\/logo-tranparente.png\",\"width\":477,\"height\":127,\"caption\":\"Manufacturas Cruce\"},\"image\":{\"@id\":\"https:\/\/manufacturascruce.com\/#\/schema\/logo\/image\/\"},\"sameAs\":[\"https:\/\/www.linkedin.com\/company\/87427753\/admin\/notifications\/all\/\"]}]}<\/script>\n<!-- \/ Yoast SEO plugin. -->","yoast_head_json":{"title":"Productos - Manufacturas Cruce","robots":{"index":"index","follow":"follow","max-snippet":"max-snippet:-1","max-image-preview":"max-image-preview:large","max-video-preview":"max-video-preview:-1"},"canonical":"https:\/\/manufacturascruce.com\/en\/productos\/","og_locale":"en_GB","og_type":"article","og_title":"Productos - Manufacturas Cruce","og_url":"https:\/\/manufacturascruce.com\/en\/productos\/","og_site_name":"Manufacturas Cruce","article_modified_time":"2023-04-14T11:48:07+00:00","twitter_card":"summary_large_image","twitter_misc":{"Estimated reading time":"1 minute"},"schema":{"@context":"https:\/\/schema.org","@graph":[{"@type":"WebPage","@id":"https:\/\/manufacturascruce.com\/productos\/","url":"https:\/\/manufacturascruce.com\/productos\/","name":"Productos - Manufacturas Cruce","isPartOf":{"@id":"https:\/\/manufacturascruce.com\/#website"},"datePublished":"2023-02-09T12:56:39+00:00","dateModified":"2023-04-14T11:48:07+00:00","breadcrumb":{"@id":"https:\/\/manufacturascruce.com\/productos\/#breadcrumb"},"inLanguage":"en-GB","potentialAction":[{"@type":"ReadAction","target":["https:\/\/manufacturascruce.com\/productos\/"]}]},{"@type":"BreadcrumbList","@id":"https:\/\/manufacturascruce.com\/productos\/#breadcrumb","itemListElement":[{"@type":"ListItem","position":1,"name":"Portada","item":"https:\/\/manufacturascruce.com\/"},{"@type":"ListItem","position":2,"name":"Productos"}]},{"@type":"WebSite","@id":"https:\/\/manufacturascruce.com\/#website","url":"https:\/\/manufacturascruce.com\/","name":"Manufacturas Cruce","description":"Procesos, fabricaci\u00f3n de utillajes y piezas para Industria","publisher":{"@id":"https:\/\/manufacturascruce.com\/#organization"},"potentialAction":[{"@type":"SearchAction","target":{"@type":"EntryPoint","urlTemplate":"https:\/\/manufacturascruce.com\/?s={search_term_string}"},"query-input":"required name=search_term_string"}],"inLanguage":"en-GB"},{"@type":"Organization","@id":"https:\/\/manufacturascruce.com\/#organization","name":"Manufacturas Cruce","url":"https:\/\/manufacturascruce.com\/","logo":{"@type":"ImageObject","inLanguage":"en-GB","@id":"https:\/\/manufacturascruce.com\/#\/schema\/logo\/image\/","url":"https:\/\/manufacturascruce.com\/wp-content\/uploads\/2023\/01\/logo-tranparente.png","contentUrl":"https:\/\/manufacturascruce.com\/wp-content\/uploads\/2023\/01\/logo-tranparente.png","width":477,"height":127,"caption":"Manufacturas Cruce"},"image":{"@id":"https:\/\/manufacturascruce.com\/#\/schema\/logo\/image\/"},"sameAs":["https:\/\/www.linkedin.com\/company\/87427753\/admin\/notifications\/all\/"]}]}},"_links":{"self":[{"href":"https:\/\/manufacturascruce.com\/en\/wp-json\/wp\/v2\/pages\/1456"}],"collection":[{"href":"https:\/\/manufacturascruce.com\/en\/wp-json\/wp\/v2\/pages"}],"about":[{"href":"https:\/\/manufacturascruce.com\/en\/wp-json\/wp\/v2\/types\/page"}],"author":[{"embeddable":true,"href":"https:\/\/manufacturascruce.com\/en\/wp-json\/wp\/v2\/users\/1"}],"replies":[{"embeddable":true,"href":"https:\/\/manufacturascruce.com\/en\/wp-json\/wp\/v2\/comments?post=1456"}],"version-history":[{"count":0,"href":"https:\/\/manufacturascruce.com\/en\/wp-json\/wp\/v2\/pages\/1456\/revisions"}],"wp:attachment":[{"href":"https:\/\/manufacturascruce.com\/en\/wp-json\/wp\/v2\/media?parent=1456"}],"curies":[{"name":"wp","href":"https:\/\/api.w.org\/{rel}","templated":true}]}}